{"id":11151,"date":"2022-11-17T20:42:21","date_gmt":"2022-11-17T20:42:21","guid":{"rendered":"https:\/\/redcolombiaverde.org\/web1\/?page_id=11151"},"modified":"2022-11-17T20:43:02","modified_gmt":"2022-11-17T20:43:02","slug":"logros","status":"publish","type":"page","link":"https:\/\/redcolombiaverde.org\/web1\/logros\/","title":{"rendered":"Logros"},"content":{"rendered":"\t\t<div data-elementor-type=\"wp-post\" data-elementor-id=\"11151\" class=\"elementor elementor-11151\">\n\t\t\t\t\t\t\t\t\t<section class=\"elementor-section elementor-top-section elementor-element elementor-element-daab3d7 elementor-section-boxed elementor-section-height-default elementor-section-height-default\" data-id=\"daab3d7\" data-element_type=\"section\">\n\t\t\t\t\t\t<div class=\"elementor-container elementor-column-gap-default\">\n\t\t\t\t\t<div class=\"elementor-column elementor-col-100 elementor-top-column elementor-element elementor-element-0b20026 top column-style-top\" data-id=\"0b20026\" data-element_type=\"column\">\n\t\t\t<div class=\"elementor-widget-wrap\">\n\t\t\t\t\t\t\t\t\t<\/div>\n\t\t<\/div>\n\t\t\t\t\t\t\t<\/div>\n\t\t<\/section>\n\t\t\t\t<section class=\"elementor-section elementor-top-section elementor-element elementor-element-81687fd elementor-section-boxed elementor-section-height-default elementor-section-height-default\" data-id=\"81687fd\" data-element_type=\"section\">\n\t\t\t\t\t\t<div class=\"elementor-container elementor-column-gap-default\">\n\t\t\t\t\t<div class=\"elementor-column elementor-col-100 elementor-top-column elementor-element elementor-element-5b65323 top column-style-top\" data-id=\"5b65323\" data-element_type=\"column\">\n\t\t\t<div class=\"elementor-widget-wrap elementor-element-populated\">\n\t\t\t\t\t\t\t\t<div class=\"elementor-element elementor-element-a9e355c elementor-widget elementor-widget-gva-portfolio\" data-id=\"a9e355c\" data-element_type=\"widget\" data-widget_type=\"gva-portfolio.default\">\n\t\t\t\t<div class=\"elementor-widget-container\">\n\t\t\t<div class=\"gva-element-gva-portfolio gva-element\">\r\n  <div class=\"gva-posts-grid clearfix grid-ojdt\" data-filter=\"ojdt\">\r\n                 <nav class=\"portfolio-filter\">\r\n          <ul class=\"nav nav-tabs\">\r\n             <li><a class=\"btn-filter all active\" href=\"javascript:void(0)\" data-filter=\"*\"><span>All<\/span><\/a><\/li>\r\n                       <\/ul> \r\n       <\/nav> \r\n        <div class=\"gva-content-items\"> \r\n      <div class=\"isotope-items view-portfolio lg-block-grid-3 md-block-grid-3 sm-block-grid-2 xs-block-grid-1 xx-block-grid-1\">\r\n        <div class=\"all  item-columns isotope-item\">\r\n   <div class=\"portfolio-block portfolio-v1\">      \r\n      <div class=\"images\">\r\n         <a class=\"link-image-content\" href=\"https:\/\/redcolombiaverde.org\/web1\/portfolio\/jornadas-de-capacitacion\/\">\r\n            <img loading=\"lazy\" decoding=\"async\" width=\"600\" height=\"455\" src=\"https:\/\/redcolombiaverde.org\/web1\/wp-content\/uploads\/2020\/12\/WhatsApp-Image-2020-12-21-at-8.40.28-AM-600x455.jpeg\" class=\"attachment-post-thumbnail size-post-thumbnail wp-post-image\" alt=\"\" \/>         <\/a>\r\n         <a class=\"link\" href=\"https:\/\/redcolombiaverde.org\/web1\/portfolio\/jornadas-de-capacitacion\/\"><i class=\"fas fa-link\"><\/i><\/a>\r\n      <\/div>\r\n      <div class=\"portfolio-content\">\r\n         <div class=\"content-inner\">\r\n            <h3 class=\"title\"><a href=\"https:\/\/redcolombiaverde.org\/web1\/portfolio\/jornadas-de-capacitacion\/\">Jornadas de Capacitaci\u00f3n<\/a><\/h3> \r\n            <div class=\"portfolio-meta\"><\/div>\r\n         <\/div>    \r\n      <\/div>   \r\n   <\/div>\r\n<\/div>\r\n\r\n  <div class=\"all  item-columns isotope-item\">\r\n   <div class=\"portfolio-block portfolio-v1\">      \r\n      <div class=\"images\">\r\n         <a class=\"link-image-content\" href=\"https:\/\/redcolombiaverde.org\/web1\/portfolio\/taller-sobre-manejo\/\">\r\n            <img loading=\"lazy\" decoding=\"async\" width=\"600\" height=\"455\" src=\"https:\/\/redcolombiaverde.org\/web1\/wp-content\/uploads\/2020\/12\/WhatsApp-Image-2020-12-21-at-8.40.17-AM-600x455.jpeg\" class=\"attachment-post-thumbnail size-post-thumbnail wp-post-image\" alt=\"\" \/>         <\/a>\r\n         <a class=\"link\" href=\"https:\/\/redcolombiaverde.org\/web1\/portfolio\/taller-sobre-manejo\/\"><i class=\"fas fa-link\"><\/i><\/a>\r\n      <\/div>\r\n      <div class=\"portfolio-content\">\r\n         <div class=\"content-inner\">\r\n            <h3 class=\"title\"><a href=\"https:\/\/redcolombiaverde.org\/web1\/portfolio\/taller-sobre-manejo\/\">Taller sobre manejo seguro de plaguicidas en nuevo col\u00f3n, boyac\u00e1<\/a><\/h3> \r\n            <div class=\"portfolio-meta\"><\/div>\r\n         <\/div>    \r\n      <\/div>   \r\n   <\/div>\r\n<\/div>\r\n\r\n  <div class=\"all  item-columns isotope-item\">\r\n   <div class=\"portfolio-block portfolio-v1\">      \r\n      <div class=\"images\">\r\n         <a class=\"link-image-content\" href=\"https:\/\/redcolombiaverde.org\/web1\/portfolio\/papicultores-de-samaca\/\">\r\n            <img loading=\"lazy\" decoding=\"async\" width=\"600\" height=\"455\" src=\"https:\/\/redcolombiaverde.org\/web1\/wp-content\/uploads\/2017\/03\/73037462_2410340755900909_3584218945168605184_n-2-600x455.jpg\" class=\"attachment-post-thumbnail size-post-thumbnail wp-post-image\" alt=\"\" \/>         <\/a>\r\n         <a class=\"link\" href=\"https:\/\/redcolombiaverde.org\/web1\/portfolio\/papicultores-de-samaca\/\"><i class=\"fas fa-link\"><\/i><\/a>\r\n      <\/div>\r\n      <div class=\"portfolio-content\">\r\n         <div class=\"content-inner\">\r\n            <h3 class=\"title\"><a href=\"https:\/\/redcolombiaverde.org\/web1\/portfolio\/papicultores-de-samaca\/\">Papicultores de Samac\u00e1 reciben taller sobre Sector Solidario y sus organizaciones<\/a><\/h3> \r\n            <div class=\"portfolio-meta\"><\/div>\r\n         <\/div>    \r\n      <\/div>   \r\n   <\/div>\r\n<\/div>\r\n\r\n        <\/div>\r\n    <\/div>\r\n      <\/div>\r\n  <\/div>\t\t<\/div>\n\t\t\t\t<\/div>\n\t\t\t\t\t<\/div>\n\t\t<\/div>\n\t\t\t\t\t\t\t<\/div>\n\t\t<\/section>\n\t\t\t\t\t\t\t<\/div>\n\t\t","protected":false},"excerpt":{"rendered":"<p>All Jornadas de Capacitaci\u00f3n Taller sobre manejo seguro de plaguicidas en nuevo col\u00f3n, boyac\u00e1 Papicultores de Samac\u00e1 reciben taller sobre Sector Solidario y sus organizaciones<\/p>\n","protected":false},"author":1,"featured_media":0,"parent":0,"menu_order":0,"comment_status":"closed","ping_status":"closed","template":"","meta":{"footnotes":""},"_links":{"self":[{"href":"https:\/\/redcolombiaverde.org\/web1\/wp-json\/wp\/v2\/pages\/11151"}],"collection":[{"href":"https:\/\/redcolombiaverde.org\/web1\/wp-json\/wp\/v2\/pages"}],"about":[{"href":"https:\/\/redcolombiaverde.org\/web1\/wp-json\/wp\/v2\/types\/page"}],"author":[{"embeddable":true,"href":"https:\/\/redcolombiaverde.org\/web1\/wp-json\/wp\/v2\/users\/1"}],"replies":[{"embeddable":true,"href":"https:\/\/redcolombiaverde.org\/web1\/wp-json\/wp\/v2\/comments?post=11151"}],"version-history":[{"count":1,"href":"https:\/\/redcolombiaverde.org\/web1\/wp-json\/wp\/v2\/pages\/11151\/revisions"}],"predecessor-version":[{"id":11152,"href":"https:\/\/redcolombiaverde.org\/web1\/wp-json\/wp\/v2\/pages\/11151\/revisions\/11152"}],"wp:attachment":[{"href":"https:\/\/redcolombiaverde.org\/web1\/wp-json\/wp\/v2\/media?parent=11151"}],"curies":[{"name":"wp","href":"https:\/\/api.w.org\/{rel}","templated":true}]}}