{"id":11185,"date":"2022-11-17T22:13:22","date_gmt":"2022-11-17T22:13:22","guid":{"rendered":"https:\/\/redcolombiaverde.org\/web1\/?page_id=11185"},"modified":"2022-11-17T22:19:05","modified_gmt":"2022-11-17T22:19:05","slug":"asoprocegua","status":"publish","type":"page","link":"https:\/\/redcolombiaverde.org\/web1\/asoprocegua\/","title":{"rendered":"ASOPROCEGUA"},"content":{"rendered":"\t\t<div data-elementor-type=\"wp-post\" data-elementor-id=\"11185\" class=\"elementor elementor-11185\">\n\t\t\t\t\t\t\t\t\t<section class=\"elementor-section elementor-top-section elementor-element elementor-element-fab6a38 elementor-section-boxed elementor-section-height-default elementor-section-height-default\" data-id=\"fab6a38\" data-element_type=\"section\">\n\t\t\t\t\t\t<div class=\"elementor-container elementor-column-gap-default\">\n\t\t\t\t\t<div class=\"elementor-column elementor-col-100 elementor-top-column elementor-element elementor-element-51416e1 top column-style-top\" data-id=\"51416e1\" data-element_type=\"column\">\n\t\t\t<div class=\"elementor-widget-wrap elementor-element-populated\">\n\t\t\t\t\t\t\t\t<div class=\"elementor-element elementor-element-4b52c06 elementor-widget elementor-widget-spacer\" data-id=\"4b52c06\" data-element_type=\"widget\" data-widget_type=\"spacer.default\">\n\t\t\t\t<div class=\"elementor-widget-container\">\n\t\t\t<style>\/*! elementor - v3.8.0 - 30-10-2022 *\/\n.elementor-column .elementor-spacer-inner{height:var(--spacer-size)}.e-con{--container-widget-width:100%}.e-con-inner>.elementor-widget-spacer,.e-con>.elementor-widget-spacer{width:var(--container-widget-width,var(--spacer-size));-ms-flex-item-align:stretch;align-self:stretch;-ms-flex-negative:0;flex-shrink:0}.e-con-inner>.elementor-widget-spacer>.elementor-widget-container,.e-con-inner>.elementor-widget-spacer>.elementor-widget-container>.elementor-spacer,.e-con>.elementor-widget-spacer>.elementor-widget-container,.e-con>.elementor-widget-spacer>.elementor-widget-container>.elementor-spacer{height:100%}.e-con-inner>.elementor-widget-spacer>.elementor-widget-container>.elementor-spacer>.elementor-spacer-inner,.e-con>.elementor-widget-spacer>.elementor-widget-container>.elementor-spacer>.elementor-spacer-inner{height:var(--container-widget-height,var(--spacer-size))}<\/style>\t\t<div class=\"elementor-spacer\">\n\t\t\t<div class=\"elementor-spacer-inner\"><\/div>\n\t\t<\/div>\n\t\t\t\t<\/div>\n\t\t\t\t<\/div>\n\t\t\t\t\t<\/div>\n\t\t<\/div>\n\t\t\t\t\t\t\t<\/div>\n\t\t<\/section>\n\t\t\t\t<section class=\"elementor-section elementor-top-section elementor-element elementor-element-d72ba82 elementor-section-boxed elementor-section-height-default elementor-section-height-default\" data-id=\"d72ba82\" data-element_type=\"section\">\n\t\t\t\t\t\t<div class=\"elementor-container elementor-column-gap-default\">\n\t\t\t\t\t<div class=\"elementor-column elementor-col-100 elementor-top-column elementor-element elementor-element-7d52ccc top column-style-top\" data-id=\"7d52ccc\" data-element_type=\"column\">\n\t\t\t<div class=\"elementor-widget-wrap elementor-element-populated\">\n\t\t\t\t\t\t\t\t<div class=\"elementor-element elementor-element-e1fd4a8 elementor-widget elementor-widget-text-editor\" data-id=\"e1fd4a8\" data-element_type=\"widget\" data-widget_type=\"text-editor.default\">\n\t\t\t\t<div class=\"elementor-widget-container\">\n\t\t\t<style>\/*! elementor - v3.8.0 - 30-10-2022 *\/\n.elementor-widget-text-editor.elementor-drop-cap-view-stacked .elementor-drop-cap{background-color:#818a91;color:#fff}.elementor-widget-text-editor.elementor-drop-cap-view-framed .elementor-drop-cap{color:#818a91;border:3px solid;background-color:transparent}.elementor-widget-text-editor:not(.elementor-drop-cap-view-default) .elementor-drop-cap{margin-top:8px}.elementor-widget-text-editor:not(.elementor-drop-cap-view-default) .elementor-drop-cap-letter{width:1em;height:1em}.elementor-widget-text-editor .elementor-drop-cap{float:left;text-align:center;line-height:1;font-size:50px}.elementor-widget-text-editor .elementor-drop-cap-letter{display:inline-block}<\/style>\t\t\t\t<p>Asociaci\u00f3n de Productores Agropecuarios por el Cambio Econ\u00f3mico del Guaviare \u2013\u00a0<strong>ASOPROCEGUA<\/strong><\/p><p>Es una organizaci\u00f3n de campesinos agricultores sin \u00e1nimo de lucro que se dedica al cambio de actividades il\u00edcitas por la explotaci\u00f3n agropecuaria, mejorando el bienestar de la comunidad del Municipio de San Jos\u00e9 del Guaviare, buscando apoyo de otras entidades u organizaciones para el impulso, inversi\u00f3n, investigaci\u00f3n y organizaci\u00f3n para la ejecuci\u00f3n de nuestros proyectos.<\/p><p><strong>TIPO DE ACTOR<\/strong><\/p><p>Asociaciones de Productores Agropecuarios<\/p><p><strong>EJES TEM\u00c1TICOS<\/strong><\/p><p>Desarrollo agroambiental<\/p><p><strong>\u00c1MBITO GEOGR\u00c1FICO<\/strong><\/p><p>Guaviare<\/p><p><strong>Producto:\u00a0<\/strong><br \/>Pulpas de araz\u00e1, boroj\u00f3, pi\u00f1a, aza\u00ed, canangucha y otros.<\/p><p><strong>Ubicaci\u00f3n:\u00a0<\/strong><br \/>San Jos\u00e9 del Guaviare \u2013 Guaviare<\/p><p><strong>Especies utilizadas:\u00a0<\/strong><br \/>Frutos amaz\u00f3nicos, en especial camu camu, copoaz\u00fa, lulo, pi\u00f1a y araz\u00e1<\/p><p><strong>Capacidad productiva:\u00a0<\/strong><br \/>40 ton asa\u00ed, 11 ton de seje, 17 ton araz\u00e1, 13 ton moriche.<\/p><p>\u00c9poca de cosecha o disponibilidad:<\/p><p>Aza\u00ed: abril \u2013 septiembre.<\/p><p>Moriche: marzo \u2013 abril.<\/p><p>Copoaz\u00fa: abril \u2013 julio.<\/p><p>Cumare: noviembre, diciembre.<\/p><p>Araz\u00e1: abril \u2013 agosto.<\/p><p>Boroj\u00f3: febrero \u2013 marzo.<\/p><p>Pi\u00f1a: abril \u2013 noviembre.<\/p><p>Impacto social:<br \/>16 familias.<\/p><p><strong>CONTACTO<\/strong><\/p><p>Nombre:\u00a0Flaviano Mahecha Avila<\/p><p>Email:\u00a0asoprocegua01@yahoo.es<\/p><p>Ciudad:\u00a0Calle 26 No. 19-26<\/p><p>Tel\u00e9fono:\u00a0313 3918949.<\/p>\t\t\t\t\t\t<\/div>\n\t\t\t\t<\/div>\n\t\t\t\t\t<\/div>\n\t\t<\/div>\n\t\t\t\t\t\t\t<\/div>\n\t\t<\/section>\n\t\t\t\t<section class=\"elementor-section elementor-top-section elementor-element elementor-element-73a8876 elementor-section-boxed elementor-section-height-default elementor-section-height-default\" data-id=\"73a8876\" data-element_type=\"section\">\n\t\t\t\t\t\t<div class=\"elementor-container elementor-column-gap-default\">\n\t\t\t\t\t<div class=\"elementor-column elementor-col-100 elementor-top-column elementor-element elementor-element-589d339 top column-style-top\" data-id=\"589d339\" data-element_type=\"column\">\n\t\t\t<div class=\"elementor-widget-wrap elementor-element-populated\">\n\t\t\t\t\t\t\t\t<div class=\"elementor-element elementor-element-447590f elementor-widget elementor-widget-image-gallery\" data-id=\"447590f\" data-element_type=\"widget\" data-widget_type=\"image-gallery.default\">\n\t\t\t\t<div class=\"elementor-widget-container\">\n\t\t\t<style>\/*! elementor - v3.8.0 - 30-10-2022 *\/\n.elementor-image-gallery .gallery-item{display:inline-block;text-align:center;vertical-align:top;width:100%;max-width:100%;margin:0 auto}.elementor-image-gallery .gallery-item img{margin:0 auto}.elementor-image-gallery .gallery-item .gallery-caption{margin:0}.elementor-image-gallery figure img{display:block}.elementor-image-gallery figure figcaption{width:100%}.gallery-spacing-custom .elementor-image-gallery .gallery-icon{padding:0}@media (min-width:768px){.elementor-image-gallery .gallery-columns-2 .gallery-item{max-width:50%}.elementor-image-gallery .gallery-columns-3 .gallery-item{max-width:33.33%}.elementor-image-gallery .gallery-columns-4 .gallery-item{max-width:25%}.elementor-image-gallery .gallery-columns-5 .gallery-item{max-width:20%}.elementor-image-gallery .gallery-columns-6 .gallery-item{max-width:16.666%}.elementor-image-gallery .gallery-columns-7 .gallery-item{max-width:14.28%}.elementor-image-gallery .gallery-columns-8 .gallery-item{max-width:12.5%}.elementor-image-gallery .gallery-columns-9 .gallery-item{max-width:11.11%}.elementor-image-gallery .gallery-columns-10 .gallery-item{max-width:10%}}@media (min-width:480px) and (max-width:767px){.elementor-image-gallery .gallery.gallery-columns-2 .gallery-item,.elementor-image-gallery .gallery.gallery-columns-3 .gallery-item,.elementor-image-gallery .gallery.gallery-columns-4 .gallery-item,.elementor-image-gallery .gallery.gallery-columns-5 .gallery-item,.elementor-image-gallery .gallery.gallery-columns-6 .gallery-item,.elementor-image-gallery .gallery.gallery-columns-7 .gallery-item,.elementor-image-gallery .gallery.gallery-columns-8 .gallery-item,.elementor-image-gallery .gallery.gallery-columns-9 .gallery-item,.elementor-image-gallery .gallery.gallery-columns-10 .gallery-item{max-width:50%}}@media (max-width:479px){.elementor-image-gallery .gallery.gallery-columns-2 .gallery-item,.elementor-image-gallery .gallery.gallery-columns-3 .gallery-item,.elementor-image-gallery .gallery.gallery-columns-4 .gallery-item,.elementor-image-gallery .gallery.gallery-columns-5 .gallery-item,.elementor-image-gallery .gallery.gallery-columns-6 .gallery-item,.elementor-image-gallery .gallery.gallery-columns-7 .gallery-item,.elementor-image-gallery .gallery.gallery-columns-8 .gallery-item,.elementor-image-gallery .gallery.gallery-columns-9 .gallery-item,.elementor-image-gallery .gallery.gallery-columns-10 .gallery-item{max-width:100%}}<\/style>\t\t<div class=\"elementor-image-gallery\">\n\t\t\t\n\t\t<style type=\"text\/css\">\n\t\t\t#gallery-1 {\n\t\t\t\tmargin: auto;\n\t\t\t}\n\t\t\t#gallery-1 .gallery-item {\n\t\t\t\tfloat: left;\n\t\t\t\tmargin-top: 10px;\n\t\t\t\ttext-align: center;\n\t\t\t\twidth: 33%;\n\t\t\t}\n\t\t\t#gallery-1 img {\n\t\t\t\tborder: 2px solid #cfcfcf;\n\t\t\t}\n\t\t\t#gallery-1 .gallery-caption {\n\t\t\t\tmargin-left: 0;\n\t\t\t}\n\t\t\t\/* see gallery_shortcode() in wp-includes\/media.php *\/\n\t\t<\/style>\n\t\t<div id='gallery-1' class='gallery galleryid-11185 gallery-columns-3 gallery-size-full'><dl class='gallery-item'>\n\t\t\t<dt class='gallery-icon landscape'>\n\t\t\t\t<a data-elementor-open-lightbox=\"yes\" data-elementor-lightbox-slideshow=\"447590f\" data-elementor-lightbox-title=\"WhatsApp Image 2020-12-21 at 8.41.42 AM\" e-action-hash=\"#elementor-action%3Aaction%3Dlightbox%26settings%3DeyJpZCI6Nzg1NCwidXJsIjoiaHR0cHM6XC9cL3JlZGNvbG9tYmlhdmVyZGUub3JnXC93ZWIxXC93cC1jb250ZW50XC91cGxvYWRzXC8yMDIwXC8xMlwvV2hhdHNBcHAtSW1hZ2UtMjAyMC0xMi0yMS1hdC04LjQxLjQyLUFNLmpwZWciLCJzbGlkZXNob3ciOiI0NDc1OTBmIn0%3D\" href='https:\/\/redcolombiaverde.org\/web1\/wp-content\/uploads\/2020\/12\/WhatsApp-Image-2020-12-21-at-8.41.42-AM.jpeg'><img loading=\"lazy\" decoding=\"async\" width=\"1072\" height=\"998\" src=\"https:\/\/redcolombiaverde.org\/web1\/wp-content\/uploads\/2020\/12\/WhatsApp-Image-2020-12-21-at-8.41.42-AM.jpeg\" class=\"attachment-full size-full\" alt=\"\" srcset=\"https:\/\/redcolombiaverde.org\/web1\/wp-content\/uploads\/2020\/12\/WhatsApp-Image-2020-12-21-at-8.41.42-AM.jpeg 1072w, https:\/\/redcolombiaverde.org\/web1\/wp-content\/uploads\/2020\/12\/WhatsApp-Image-2020-12-21-at-8.41.42-AM-1024x953.jpeg 1024w, https:\/\/redcolombiaverde.org\/web1\/wp-content\/uploads\/2020\/12\/WhatsApp-Image-2020-12-21-at-8.41.42-AM-768x715.jpeg 768w\" sizes=\"(max-width: 1072px) 100vw, 1072px\" \/><\/a>\n\t\t\t<\/dt><\/dl><dl class='gallery-item'>\n\t\t\t<dt class='gallery-icon landscape'>\n\t\t\t\t<a data-elementor-open-lightbox=\"yes\" data-elementor-lightbox-slideshow=\"447590f\" data-elementor-lightbox-title=\"WhatsApp Image 2020-12-21 at 8.41.58 AM\" e-action-hash=\"#elementor-action%3Aaction%3Dlightbox%26settings%3DeyJpZCI6Nzg1MywidXJsIjoiaHR0cHM6XC9cL3JlZGNvbG9tYmlhdmVyZGUub3JnXC93ZWIxXC93cC1jb250ZW50XC91cGxvYWRzXC8yMDIwXC8xMlwvV2hhdHNBcHAtSW1hZ2UtMjAyMC0xMi0yMS1hdC04LjQxLjU4LUFNLmpwZWciLCJzbGlkZXNob3ciOiI0NDc1OTBmIn0%3D\" href='https:\/\/redcolombiaverde.org\/web1\/wp-content\/uploads\/2020\/12\/WhatsApp-Image-2020-12-21-at-8.41.58-AM.jpeg'><img loading=\"lazy\" decoding=\"async\" width=\"1074\" height=\"971\" src=\"https:\/\/redcolombiaverde.org\/web1\/wp-content\/uploads\/2020\/12\/WhatsApp-Image-2020-12-21-at-8.41.58-AM.jpeg\" class=\"attachment-full size-full\" alt=\"\" srcset=\"https:\/\/redcolombiaverde.org\/web1\/wp-content\/uploads\/2020\/12\/WhatsApp-Image-2020-12-21-at-8.41.58-AM.jpeg 1074w, https:\/\/redcolombiaverde.org\/web1\/wp-content\/uploads\/2020\/12\/WhatsApp-Image-2020-12-21-at-8.41.58-AM-1024x926.jpeg 1024w, https:\/\/redcolombiaverde.org\/web1\/wp-content\/uploads\/2020\/12\/WhatsApp-Image-2020-12-21-at-8.41.58-AM-768x694.jpeg 768w\" sizes=\"(max-width: 1074px) 100vw, 1074px\" \/><\/a>\n\t\t\t<\/dt><\/dl><dl class='gallery-item'>\n\t\t\t<dt class='gallery-icon landscape'>\n\t\t\t\t<a data-elementor-open-lightbox=\"yes\" data-elementor-lightbox-slideshow=\"447590f\" data-elementor-lightbox-title=\"WhatsApp Image 2020-12-21 at 8.42.29 AM\" e-action-hash=\"#elementor-action%3Aaction%3Dlightbox%26settings%3DeyJpZCI6Nzg1MiwidXJsIjoiaHR0cHM6XC9cL3JlZGNvbG9tYmlhdmVyZGUub3JnXC93ZWIxXC93cC1jb250ZW50XC91cGxvYWRzXC8yMDIwXC8xMlwvV2hhdHNBcHAtSW1hZ2UtMjAyMC0xMi0yMS1hdC04LjQyLjI5LUFNLmpwZWciLCJzbGlkZXNob3ciOiI0NDc1OTBmIn0%3D\" href='https:\/\/redcolombiaverde.org\/web1\/wp-content\/uploads\/2020\/12\/WhatsApp-Image-2020-12-21-at-8.42.29-AM.jpeg'><img loading=\"lazy\" decoding=\"async\" width=\"1080\" height=\"953\" src=\"https:\/\/redcolombiaverde.org\/web1\/wp-content\/uploads\/2020\/12\/WhatsApp-Image-2020-12-21-at-8.42.29-AM.jpeg\" class=\"attachment-full size-full\" alt=\"\" srcset=\"https:\/\/redcolombiaverde.org\/web1\/wp-content\/uploads\/2020\/12\/WhatsApp-Image-2020-12-21-at-8.42.29-AM.jpeg 1080w, https:\/\/redcolombiaverde.org\/web1\/wp-content\/uploads\/2020\/12\/WhatsApp-Image-2020-12-21-at-8.42.29-AM-1024x904.jpeg 1024w, https:\/\/redcolombiaverde.org\/web1\/wp-content\/uploads\/2020\/12\/WhatsApp-Image-2020-12-21-at-8.42.29-AM-768x678.jpeg 768w\" sizes=\"(max-width: 1080px) 100vw, 1080px\" \/><\/a>\n\t\t\t<\/dt><\/dl><br style=\"clear: both\" \/><dl class='gallery-item'>\n\t\t\t<dt class='gallery-icon landscape'>\n\t\t\t\t<a data-elementor-open-lightbox=\"yes\" data-elementor-lightbox-slideshow=\"447590f\" data-elementor-lightbox-title=\"WhatsApp Image 2020-12-21 at 8.42.51 AM\" e-action-hash=\"#elementor-action%3Aaction%3Dlightbox%26settings%3DeyJpZCI6Nzg1MSwidXJsIjoiaHR0cHM6XC9cL3JlZGNvbG9tYmlhdmVyZGUub3JnXC93ZWIxXC93cC1jb250ZW50XC91cGxvYWRzXC8yMDIwXC8xMlwvV2hhdHNBcHAtSW1hZ2UtMjAyMC0xMi0yMS1hdC04LjQyLjUxLUFNLmpwZWciLCJzbGlkZXNob3ciOiI0NDc1OTBmIn0%3D\" href='https:\/\/redcolombiaverde.org\/web1\/wp-content\/uploads\/2020\/12\/WhatsApp-Image-2020-12-21-at-8.42.51-AM.jpeg'><img loading=\"lazy\" decoding=\"async\" width=\"1065\" height=\"984\" src=\"https:\/\/redcolombiaverde.org\/web1\/wp-content\/uploads\/2020\/12\/WhatsApp-Image-2020-12-21-at-8.42.51-AM.jpeg\" class=\"attachment-full size-full\" alt=\"\" srcset=\"https:\/\/redcolombiaverde.org\/web1\/wp-content\/uploads\/2020\/12\/WhatsApp-Image-2020-12-21-at-8.42.51-AM.jpeg 1065w, https:\/\/redcolombiaverde.org\/web1\/wp-content\/uploads\/2020\/12\/WhatsApp-Image-2020-12-21-at-8.42.51-AM-1024x946.jpeg 1024w, https:\/\/redcolombiaverde.org\/web1\/wp-content\/uploads\/2020\/12\/WhatsApp-Image-2020-12-21-at-8.42.51-AM-768x710.jpeg 768w\" sizes=\"(max-width: 1065px) 100vw, 1065px\" \/><\/a>\n\t\t\t<\/dt><\/dl><dl class='gallery-item'>\n\t\t\t<dt class='gallery-icon landscape'>\n\t\t\t\t<a data-elementor-open-lightbox=\"yes\" data-elementor-lightbox-slideshow=\"447590f\" data-elementor-lightbox-title=\"WhatsApp Image 2020-12-21 at 8.43.05 AM\" e-action-hash=\"#elementor-action%3Aaction%3Dlightbox%26settings%3DeyJpZCI6Nzg1MCwidXJsIjoiaHR0cHM6XC9cL3JlZGNvbG9tYmlhdmVyZGUub3JnXC93ZWIxXC93cC1jb250ZW50XC91cGxvYWRzXC8yMDIwXC8xMlwvV2hhdHNBcHAtSW1hZ2UtMjAyMC0xMi0yMS1hdC04LjQzLjA1LUFNLmpwZWciLCJzbGlkZXNob3ciOiI0NDc1OTBmIn0%3D\" href='https:\/\/redcolombiaverde.org\/web1\/wp-content\/uploads\/2020\/12\/WhatsApp-Image-2020-12-21-at-8.43.05-AM.jpeg'><img loading=\"lazy\" decoding=\"async\" width=\"1072\" height=\"1007\" src=\"https:\/\/redcolombiaverde.org\/web1\/wp-content\/uploads\/2020\/12\/WhatsApp-Image-2020-12-21-at-8.43.05-AM.jpeg\" class=\"attachment-full size-full\" alt=\"\" srcset=\"https:\/\/redcolombiaverde.org\/web1\/wp-content\/uploads\/2020\/12\/WhatsApp-Image-2020-12-21-at-8.43.05-AM.jpeg 1072w, https:\/\/redcolombiaverde.org\/web1\/wp-content\/uploads\/2020\/12\/WhatsApp-Image-2020-12-21-at-8.43.05-AM-1024x962.jpeg 1024w, https:\/\/redcolombiaverde.org\/web1\/wp-content\/uploads\/2020\/12\/WhatsApp-Image-2020-12-21-at-8.43.05-AM-768x721.jpeg 768w, https:\/\/redcolombiaverde.org\/web1\/wp-content\/uploads\/2020\/12\/WhatsApp-Image-2020-12-21-at-8.43.05-AM-24x24.jpeg 24w\" sizes=\"(max-width: 1072px) 100vw, 1072px\" \/><\/a>\n\t\t\t<\/dt><\/dl><dl class='gallery-item'>\n\t\t\t<dt class='gallery-icon landscape'>\n\t\t\t\t<a data-elementor-open-lightbox=\"yes\" data-elementor-lightbox-slideshow=\"447590f\" data-elementor-lightbox-title=\"WhatsApp Image 2020-12-21 at 8.43.19 AM\" e-action-hash=\"#elementor-action%3Aaction%3Dlightbox%26settings%3DeyJpZCI6Nzg0OSwidXJsIjoiaHR0cHM6XC9cL3JlZGNvbG9tYmlhdmVyZGUub3JnXC93ZWIxXC93cC1jb250ZW50XC91cGxvYWRzXC8yMDIwXC8xMlwvV2hhdHNBcHAtSW1hZ2UtMjAyMC0xMi0yMS1hdC04LjQzLjE5LUFNLmpwZWciLCJzbGlkZXNob3ciOiI0NDc1OTBmIn0%3D\" href='https:\/\/redcolombiaverde.org\/web1\/wp-content\/uploads\/2020\/12\/WhatsApp-Image-2020-12-21-at-8.43.19-AM.jpeg'><img loading=\"lazy\" decoding=\"async\" width=\"1074\" height=\"1024\" src=\"https:\/\/redcolombiaverde.org\/web1\/wp-content\/uploads\/2020\/12\/WhatsApp-Image-2020-12-21-at-8.43.19-AM.jpeg\" class=\"attachment-full size-full\" alt=\"\" srcset=\"https:\/\/redcolombiaverde.org\/web1\/wp-content\/uploads\/2020\/12\/WhatsApp-Image-2020-12-21-at-8.43.19-AM.jpeg 1074w, https:\/\/redcolombiaverde.org\/web1\/wp-content\/uploads\/2020\/12\/WhatsApp-Image-2020-12-21-at-8.43.19-AM-1024x976.jpeg 1024w, https:\/\/redcolombiaverde.org\/web1\/wp-content\/uploads\/2020\/12\/WhatsApp-Image-2020-12-21-at-8.43.19-AM-768x732.jpeg 768w, https:\/\/redcolombiaverde.org\/web1\/wp-content\/uploads\/2020\/12\/WhatsApp-Image-2020-12-21-at-8.43.19-AM-24x24.jpeg 24w\" sizes=\"(max-width: 1074px) 100vw, 1074px\" \/><\/a>\n\t\t\t<\/dt><\/dl><br style=\"clear: both\" \/>\n\t\t<\/div>\n\t\t<\/div>\n\t\t\t\t<\/div>\n\t\t\t\t<\/div>\n\t\t\t\t\t<\/div>\n\t\t<\/div>\n\t\t\t\t\t\t\t<\/div>\n\t\t<\/section>\n\t\t\t\t\t\t\t<\/div>\n\t\t","protected":false},"excerpt":{"rendered":"<p>Asociaci\u00f3n de Productores Agropecuarios por el Cambio Econ\u00f3mico del Guaviare \u2013\u00a0ASOPROCEGUA Es una organizaci\u00f3n de campesinos agricultores sin \u00e1nimo de lucro que se dedica al cambio de actividades il\u00edcitas por [&hellip;]<\/p>\n","protected":false},"author":1,"featured_media":0,"parent":0,"menu_order":0,"comment_status":"closed","ping_status":"closed","template":"","meta":{"footnotes":""},"_links":{"self":[{"href":"https:\/\/redcolombiaverde.org\/web1\/wp-json\/wp\/v2\/pages\/11185"}],"collection":[{"href":"https:\/\/redcolombiaverde.org\/web1\/wp-json\/wp\/v2\/pages"}],"about":[{"href":"https:\/\/redcolombiaverde.org\/web1\/wp-json\/wp\/v2\/types\/page"}],"author":[{"embeddable":true,"href":"https:\/\/redcolombiaverde.org\/web1\/wp-json\/wp\/v2\/users\/1"}],"replies":[{"embeddable":true,"href":"https:\/\/redcolombiaverde.org\/web1\/wp-json\/wp\/v2\/comments?post=11185"}],"version-history":[{"count":5,"href":"https:\/\/redcolombiaverde.org\/web1\/wp-json\/wp\/v2\/pages\/11185\/revisions"}],"predecessor-version":[{"id":11258,"href":"https:\/\/redcolombiaverde.org\/web1\/wp-json\/wp\/v2\/pages\/11185\/revisions\/11258"}],"wp:attachment":[{"href":"https:\/\/redcolombiaverde.org\/web1\/wp-json\/wp\/v2\/media?parent=11185"}],"curies":[{"name":"wp","href":"https:\/\/api.w.org\/{rel}","templated":true}]}}