{"id":11190,"date":"2022-11-17T22:19:30","date_gmt":"2022-11-17T22:19:30","guid":{"rendered":"https:\/\/redcolombiaverde.org\/web1\/?page_id=11190"},"modified":"2022-11-17T22:21:40","modified_gmt":"2022-11-17T22:21:40","slug":"appa","status":"publish","type":"page","link":"https:\/\/redcolombiaverde.org\/web1\/appa\/","title":{"rendered":"APPA"},"content":{"rendered":"\t\t<div data-elementor-type=\"wp-post\" data-elementor-id=\"11190\" class=\"elementor elementor-11190\">\n\t\t\t\t\t\t\t\t\t<section class=\"elementor-section elementor-top-section elementor-element elementor-element-fab6a38 elementor-section-boxed elementor-section-height-default elementor-section-height-default\" data-id=\"fab6a38\" data-element_type=\"section\">\n\t\t\t\t\t\t<div class=\"elementor-container elementor-column-gap-default\">\n\t\t\t\t\t<div class=\"elementor-column elementor-col-100 elementor-top-column elementor-element elementor-element-51416e1 top column-style-top\" data-id=\"51416e1\" data-element_type=\"column\">\n\t\t\t<div class=\"elementor-widget-wrap elementor-element-populated\">\n\t\t\t\t\t\t\t\t<div class=\"elementor-element elementor-element-4b52c06 elementor-widget elementor-widget-spacer\" data-id=\"4b52c06\" data-element_type=\"widget\" data-widget_type=\"spacer.default\">\n\t\t\t\t<div class=\"elementor-widget-container\">\n\t\t\t<style>\/*! elementor - v3.8.0 - 30-10-2022 *\/\n.elementor-column .elementor-spacer-inner{height:var(--spacer-size)}.e-con{--container-widget-width:100%}.e-con-inner>.elementor-widget-spacer,.e-con>.elementor-widget-spacer{width:var(--container-widget-width,var(--spacer-size));-ms-flex-item-align:stretch;align-self:stretch;-ms-flex-negative:0;flex-shrink:0}.e-con-inner>.elementor-widget-spacer>.elementor-widget-container,.e-con-inner>.elementor-widget-spacer>.elementor-widget-container>.elementor-spacer,.e-con>.elementor-widget-spacer>.elementor-widget-container,.e-con>.elementor-widget-spacer>.elementor-widget-container>.elementor-spacer{height:100%}.e-con-inner>.elementor-widget-spacer>.elementor-widget-container>.elementor-spacer>.elementor-spacer-inner,.e-con>.elementor-widget-spacer>.elementor-widget-container>.elementor-spacer>.elementor-spacer-inner{height:var(--container-widget-height,var(--spacer-size))}<\/style>\t\t<div class=\"elementor-spacer\">\n\t\t\t<div class=\"elementor-spacer-inner\"><\/div>\n\t\t<\/div>\n\t\t\t\t<\/div>\n\t\t\t\t<\/div>\n\t\t\t\t\t<\/div>\n\t\t<\/div>\n\t\t\t\t\t\t\t<\/div>\n\t\t<\/section>\n\t\t\t\t<section class=\"elementor-section elementor-top-section elementor-element elementor-element-d72ba82 elementor-section-boxed elementor-section-height-default elementor-section-height-default\" data-id=\"d72ba82\" data-element_type=\"section\">\n\t\t\t\t\t\t<div class=\"elementor-container elementor-column-gap-default\">\n\t\t\t\t\t<div class=\"elementor-column elementor-col-100 elementor-top-column elementor-element elementor-element-7d52ccc top column-style-top\" data-id=\"7d52ccc\" data-element_type=\"column\">\n\t\t\t<div class=\"elementor-widget-wrap elementor-element-populated\">\n\t\t\t\t\t\t\t\t<div class=\"elementor-element elementor-element-e1fd4a8 elementor-widget elementor-widget-text-editor\" data-id=\"e1fd4a8\" data-element_type=\"widget\" data-widget_type=\"text-editor.default\">\n\t\t\t\t<div class=\"elementor-widget-container\">\n\t\t\t<style>\/*! elementor - v3.8.0 - 30-10-2022 *\/\n.elementor-widget-text-editor.elementor-drop-cap-view-stacked .elementor-drop-cap{background-color:#818a91;color:#fff}.elementor-widget-text-editor.elementor-drop-cap-view-framed .elementor-drop-cap{color:#818a91;border:3px solid;background-color:transparent}.elementor-widget-text-editor:not(.elementor-drop-cap-view-default) .elementor-drop-cap{margin-top:8px}.elementor-widget-text-editor:not(.elementor-drop-cap-view-default) .elementor-drop-cap-letter{width:1em;height:1em}.elementor-widget-text-editor .elementor-drop-cap{float:left;text-align:center;line-height:1;font-size:50px}.elementor-widget-text-editor .elementor-drop-cap-letter{display:inline-block}<\/style>\t\t\t\t<p><strong>NIT 838.000.222-9<\/strong><\/p><p><strong>PRODUCTOS<\/strong><\/p><p>Salsas picantes de araz\u00e1, cocona, pi\u00f1a amaz\u00f3nica, carambolo. Encurtido de aj\u00ed. Casta\u00f1as del amazonas recubiertas con chocolate. Aj\u00ed deshidratado. Mermeladas araza, copoazu, cocona, pomarroso, borojo amazonico, carambolo.<\/p><p>La zona donde se producen estas frutas ex\u00f3ticas se caracteriza por la magia de la selva, la imponencia del r\u00edo Amazonas, la diversidad de las culturas ind\u00edgenas y la belleza de la flora y su fauna. Despu\u00e9s de un proceso de despulpe de las frutas se agregan pulpas de aj\u00ed picante cultivados en la regi\u00f3n amaz\u00f3nica y se finaliza el proceso con una mezcla de especias nativas para dar ese sabor tan ex\u00f3tico y caracter\u00edstico que poseen las salsas Maji\u00f1a.<\/p><p><strong>CERTIFICACI\u00d3N ORG\u00c1NICA EN CONVERSI\u00d3N<\/strong><\/p><p><strong>25 FAMILIAS BENEFICIADAS<\/strong><\/p><p><strong>CONTACTOS<\/strong><\/p><p>Luz Dary Santamar\u00eda<\/p><p>312 862 17 98<\/p><p>Carrera 10 , AV VASQUEZ COBO,FRENTE AL IDEAM LETICIA, AMAZONAS<\/p>\t\t\t\t\t\t<\/div>\n\t\t\t\t<\/div>\n\t\t\t\t\t<\/div>\n\t\t<\/div>\n\t\t\t\t\t\t\t<\/div>\n\t\t<\/section>\n\t\t\t\t\t\t\t<\/div>\n\t\t","protected":false},"excerpt":{"rendered":"<p>NIT 838.000.222-9 PRODUCTOS Salsas picantes de araz\u00e1, cocona, pi\u00f1a amaz\u00f3nica, carambolo. Encurtido de aj\u00ed. Casta\u00f1as del amazonas recubiertas con chocolate. Aj\u00ed deshidratado. Mermeladas araza, copoazu, cocona, pomarroso, borojo amazonico, carambolo. [&hellip;]<\/p>\n","protected":false},"author":1,"featured_media":0,"parent":0,"menu_order":0,"comment_status":"closed","ping_status":"closed","template":"","meta":{"footnotes":""},"_links":{"self":[{"href":"https:\/\/redcolombiaverde.org\/web1\/wp-json\/wp\/v2\/pages\/11190"}],"collection":[{"href":"https:\/\/redcolombiaverde.org\/web1\/wp-json\/wp\/v2\/pages"}],"about":[{"href":"https:\/\/redcolombiaverde.org\/web1\/wp-json\/wp\/v2\/types\/page"}],"author":[{"embeddable":true,"href":"https:\/\/redcolombiaverde.org\/web1\/wp-json\/wp\/v2\/users\/1"}],"replies":[{"embeddable":true,"href":"https:\/\/redcolombiaverde.org\/web1\/wp-json\/wp\/v2\/comments?post=11190"}],"version-history":[{"count":4,"href":"https:\/\/redcolombiaverde.org\/web1\/wp-json\/wp\/v2\/pages\/11190\/revisions"}],"predecessor-version":[{"id":11194,"href":"https:\/\/redcolombiaverde.org\/web1\/wp-json\/wp\/v2\/pages\/11190\/revisions\/11194"}],"wp:attachment":[{"href":"https:\/\/redcolombiaverde.org\/web1\/wp-json\/wp\/v2\/media?parent=11190"}],"curies":[{"name":"wp","href":"https:\/\/api.w.org\/{rel}","templated":true}]}}