{"id":11195,"date":"2022-11-17T22:21:45","date_gmt":"2022-11-17T22:21:45","guid":{"rendered":"https:\/\/redcolombiaverde.org\/web1\/?page_id=11195"},"modified":"2022-11-17T22:22:57","modified_gmt":"2022-11-17T22:22:57","slug":"fundecosabana","status":"publish","type":"page","link":"https:\/\/redcolombiaverde.org\/web1\/fundecosabana\/","title":{"rendered":"Fundecosabana"},"content":{"rendered":"\t\t<div data-elementor-type=\"wp-post\" data-elementor-id=\"11195\" class=\"elementor elementor-11195\">\n\t\t\t\t\t\t\t\t\t<section class=\"elementor-section elementor-top-section elementor-element elementor-element-fab6a38 elementor-section-boxed elementor-section-height-default elementor-section-height-default\" data-id=\"fab6a38\" data-element_type=\"section\">\n\t\t\t\t\t\t<div class=\"elementor-container elementor-column-gap-default\">\n\t\t\t\t\t<div class=\"elementor-column elementor-col-100 elementor-top-column elementor-element elementor-element-51416e1 top column-style-top\" data-id=\"51416e1\" data-element_type=\"column\">\n\t\t\t<div class=\"elementor-widget-wrap elementor-element-populated\">\n\t\t\t\t\t\t\t\t<div class=\"elementor-element elementor-element-4b52c06 elementor-widget elementor-widget-spacer\" data-id=\"4b52c06\" data-element_type=\"widget\" data-widget_type=\"spacer.default\">\n\t\t\t\t<div class=\"elementor-widget-container\">\n\t\t\t<style>\/*! elementor - v3.8.0 - 30-10-2022 *\/\n.elementor-column .elementor-spacer-inner{height:var(--spacer-size)}.e-con{--container-widget-width:100%}.e-con-inner>.elementor-widget-spacer,.e-con>.elementor-widget-spacer{width:var(--container-widget-width,var(--spacer-size));-ms-flex-item-align:stretch;align-self:stretch;-ms-flex-negative:0;flex-shrink:0}.e-con-inner>.elementor-widget-spacer>.elementor-widget-container,.e-con-inner>.elementor-widget-spacer>.elementor-widget-container>.elementor-spacer,.e-con>.elementor-widget-spacer>.elementor-widget-container,.e-con>.elementor-widget-spacer>.elementor-widget-container>.elementor-spacer{height:100%}.e-con-inner>.elementor-widget-spacer>.elementor-widget-container>.elementor-spacer>.elementor-spacer-inner,.e-con>.elementor-widget-spacer>.elementor-widget-container>.elementor-spacer>.elementor-spacer-inner{height:var(--container-widget-height,var(--spacer-size))}<\/style>\t\t<div class=\"elementor-spacer\">\n\t\t\t<div class=\"elementor-spacer-inner\"><\/div>\n\t\t<\/div>\n\t\t\t\t<\/div>\n\t\t\t\t<\/div>\n\t\t\t\t\t<\/div>\n\t\t<\/div>\n\t\t\t\t\t\t\t<\/div>\n\t\t<\/section>\n\t\t\t\t<section class=\"elementor-section elementor-top-section elementor-element elementor-element-d72ba82 elementor-section-boxed elementor-section-height-default elementor-section-height-default\" data-id=\"d72ba82\" data-element_type=\"section\">\n\t\t\t\t\t\t<div class=\"elementor-container elementor-column-gap-default\">\n\t\t\t\t\t<div class=\"elementor-column elementor-col-100 elementor-top-column elementor-element elementor-element-7d52ccc top column-style-top\" data-id=\"7d52ccc\" data-element_type=\"column\">\n\t\t\t<div class=\"elementor-widget-wrap elementor-element-populated\">\n\t\t\t\t\t\t\t\t<div class=\"elementor-element elementor-element-e1fd4a8 elementor-widget elementor-widget-text-editor\" data-id=\"e1fd4a8\" data-element_type=\"widget\" data-widget_type=\"text-editor.default\">\n\t\t\t\t<div class=\"elementor-widget-container\">\n\t\t\t<style>\/*! elementor - v3.8.0 - 30-10-2022 *\/\n.elementor-widget-text-editor.elementor-drop-cap-view-stacked .elementor-drop-cap{background-color:#818a91;color:#fff}.elementor-widget-text-editor.elementor-drop-cap-view-framed .elementor-drop-cap{color:#818a91;border:3px solid;background-color:transparent}.elementor-widget-text-editor:not(.elementor-drop-cap-view-default) .elementor-drop-cap{margin-top:8px}.elementor-widget-text-editor:not(.elementor-drop-cap-view-default) .elementor-drop-cap-letter{width:1em;height:1em}.elementor-widget-text-editor .elementor-drop-cap{float:left;text-align:center;line-height:1;font-size:50px}.elementor-widget-text-editor .elementor-drop-cap-letter{display:inline-block}<\/style>\t\t\t\t<ul class=\"list05b collapsible-content\"><li>FUNDACION ECOL\u00d3GICA DE LA SABANA NIT 823001144-2PRODUCTOSArtesan\u00edas en Ca\u00f1a Flecha, Cuero, Madera e Hilo de Algod\u00f3n y Palma de Iraca. Es una organizaci\u00f3n sin \u00e1nimo de lucro que busca el desarrollo del social econ\u00f3mico, ambiental, sostenible y por lo tanto la calidad de vida de los pobladores del Departamento de Sucre con el apoyo de entidades p\u00fablicas, privadas y la sociedad civil mediante: El desarrollo de proyectos de investigaci\u00f3n, procesos de formaci\u00f3n y asesor\u00edas pol\u00edticas, ciudadanas, organizativas y ambientales.<p>La formulaci\u00f3n, elaboraci\u00f3n, ejecuci\u00f3n y evaluaci\u00f3n de proyectos de infraestructura agr\u00edcola de saneamiento b\u00e1sico y otros.<\/p><p>45 FAMILIAS BENEFICIADAS<\/p><p>CONTACTOS<\/p><p>OMAR DE JESUS DIAZ ALVAREZ<\/p><p>312 6702720 \/ 095 2802176<\/p><p>CRA 14 No. 31 \u2013 22 BARRIO ALFONSO LOPEZ, SINCELEJO, SUCRE<\/p><p><span id=\"cloak42149\"><a href=\"mailto:fundecosabana@hotmail.com\">fundecosabana@hotmail.com<\/a><\/span><\/p><\/li><\/ul>\t\t\t\t\t\t<\/div>\n\t\t\t\t<\/div>\n\t\t\t\t\t<\/div>\n\t\t<\/div>\n\t\t\t\t\t\t\t<\/div>\n\t\t<\/section>\n\t\t\t\t\t\t\t<\/div>\n\t\t","protected":false},"excerpt":{"rendered":"<p>FUNDACION ECOL\u00d3GICA DE LA SABANA NIT 823001144-2PRODUCTOSArtesan\u00edas en Ca\u00f1a Flecha, Cuero, Madera e Hilo de Algod\u00f3n y Palma de Iraca. Es una organizaci\u00f3n sin \u00e1nimo de lucro que busca el [&hellip;]<\/p>\n","protected":false},"author":1,"featured_media":0,"parent":0,"menu_order":0,"comment_status":"closed","ping_status":"closed","template":"","meta":{"footnotes":""},"_links":{"self":[{"href":"https:\/\/redcolombiaverde.org\/web1\/wp-json\/wp\/v2\/pages\/11195"}],"collection":[{"href":"https:\/\/redcolombiaverde.org\/web1\/wp-json\/wp\/v2\/pages"}],"about":[{"href":"https:\/\/redcolombiaverde.org\/web1\/wp-json\/wp\/v2\/types\/page"}],"author":[{"embeddable":true,"href":"https:\/\/redcolombiaverde.org\/web1\/wp-json\/wp\/v2\/users\/1"}],"replies":[{"embeddable":true,"href":"https:\/\/redcolombiaverde.org\/web1\/wp-json\/wp\/v2\/comments?post=11195"}],"version-history":[{"count":4,"href":"https:\/\/redcolombiaverde.org\/web1\/wp-json\/wp\/v2\/pages\/11195\/revisions"}],"predecessor-version":[{"id":11199,"href":"https:\/\/redcolombiaverde.org\/web1\/wp-json\/wp\/v2\/pages\/11195\/revisions\/11199"}],"wp:attachment":[{"href":"https:\/\/redcolombiaverde.org\/web1\/wp-json\/wp\/v2\/media?parent=11195"}],"curies":[{"name":"wp","href":"https:\/\/api.w.org\/{rel}","templated":true}]}}