{"id":11205,"date":"2022-11-17T22:27:05","date_gmt":"2022-11-17T22:27:05","guid":{"rendered":"https:\/\/redcolombiaverde.org\/web1\/?page_id=11205"},"modified":"2022-11-17T22:30:20","modified_gmt":"2022-11-17T22:30:20","slug":"asagrat","status":"publish","type":"page","link":"https:\/\/redcolombiaverde.org\/web1\/asagrat\/","title":{"rendered":"ASAGRAT"},"content":{"rendered":"\t\t<div data-elementor-type=\"wp-post\" data-elementor-id=\"11205\" class=\"elementor elementor-11205\">\n\t\t\t\t\t\t\t\t\t<section class=\"elementor-section elementor-top-section elementor-element elementor-element-fab6a38 elementor-section-boxed elementor-section-height-default elementor-section-height-default\" data-id=\"fab6a38\" data-element_type=\"section\">\n\t\t\t\t\t\t<div class=\"elementor-container elementor-column-gap-default\">\n\t\t\t\t\t<div class=\"elementor-column elementor-col-100 elementor-top-column elementor-element elementor-element-51416e1 top column-style-top\" data-id=\"51416e1\" data-element_type=\"column\">\n\t\t\t<div class=\"elementor-widget-wrap elementor-element-populated\">\n\t\t\t\t\t\t\t\t<div class=\"elementor-element elementor-element-4b52c06 elementor-widget elementor-widget-spacer\" data-id=\"4b52c06\" data-element_type=\"widget\" data-widget_type=\"spacer.default\">\n\t\t\t\t<div class=\"elementor-widget-container\">\n\t\t\t<style>\/*! elementor - v3.8.0 - 30-10-2022 *\/\n.elementor-column .elementor-spacer-inner{height:var(--spacer-size)}.e-con{--container-widget-width:100%}.e-con-inner>.elementor-widget-spacer,.e-con>.elementor-widget-spacer{width:var(--container-widget-width,var(--spacer-size));-ms-flex-item-align:stretch;align-self:stretch;-ms-flex-negative:0;flex-shrink:0}.e-con-inner>.elementor-widget-spacer>.elementor-widget-container,.e-con-inner>.elementor-widget-spacer>.elementor-widget-container>.elementor-spacer,.e-con>.elementor-widget-spacer>.elementor-widget-container,.e-con>.elementor-widget-spacer>.elementor-widget-container>.elementor-spacer{height:100%}.e-con-inner>.elementor-widget-spacer>.elementor-widget-container>.elementor-spacer>.elementor-spacer-inner,.e-con>.elementor-widget-spacer>.elementor-widget-container>.elementor-spacer>.elementor-spacer-inner{height:var(--container-widget-height,var(--spacer-size))}<\/style>\t\t<div class=\"elementor-spacer\">\n\t\t\t<div class=\"elementor-spacer-inner\"><\/div>\n\t\t<\/div>\n\t\t\t\t<\/div>\n\t\t\t\t<\/div>\n\t\t\t\t\t<\/div>\n\t\t<\/div>\n\t\t\t\t\t\t\t<\/div>\n\t\t<\/section>\n\t\t\t\t<section class=\"elementor-section elementor-top-section elementor-element elementor-element-d72ba82 elementor-section-boxed elementor-section-height-default elementor-section-height-default\" data-id=\"d72ba82\" data-element_type=\"section\">\n\t\t\t\t\t\t<div class=\"elementor-container elementor-column-gap-default\">\n\t\t\t\t\t<div class=\"elementor-column elementor-col-100 elementor-top-column elementor-element elementor-element-7d52ccc top column-style-top\" data-id=\"7d52ccc\" data-element_type=\"column\">\n\t\t\t<div class=\"elementor-widget-wrap elementor-element-populated\">\n\t\t\t\t\t\t\t\t<div class=\"elementor-element elementor-element-e1fd4a8 elementor-widget elementor-widget-text-editor\" data-id=\"e1fd4a8\" data-element_type=\"widget\" data-widget_type=\"text-editor.default\">\n\t\t\t\t<div class=\"elementor-widget-container\">\n\t\t\t<style>\/*! elementor - v3.8.0 - 30-10-2022 *\/\n.elementor-widget-text-editor.elementor-drop-cap-view-stacked .elementor-drop-cap{background-color:#818a91;color:#fff}.elementor-widget-text-editor.elementor-drop-cap-view-framed .elementor-drop-cap{color:#818a91;border:3px solid;background-color:transparent}.elementor-widget-text-editor:not(.elementor-drop-cap-view-default) .elementor-drop-cap{margin-top:8px}.elementor-widget-text-editor:not(.elementor-drop-cap-view-default) .elementor-drop-cap-letter{width:1em;height:1em}.elementor-widget-text-editor .elementor-drop-cap{float:left;text-align:center;line-height:1;font-size:50px}.elementor-widget-text-editor .elementor-drop-cap-letter{display:inline-block}<\/style>\t\t\t\t<p>Asociaci\u00f3n Agropecuaria y ambiental de Santa Rosa (ASAGRAT), ubicada en Tocaima.<\/p><p>Si del cielo te caen limones\u2026aprende a hacer limonada.<\/p><p>Don Ra\u00fal Montes, un agricultor que se estableci\u00f3 en\u00a0Cundinamarca\u00a0espec\u00edficamente en\u00a0Tocaima\u00a0Vereda Santa Rosa; ya unos a\u00f1os atr\u00e1s. Nos cuenta un poco de lo que se hace en su finca, en un clima c\u00e1lido, donde se presentan dos temporadas de lluvia al a\u00f1o.<\/p><p>Gracias a los agricultores de Tocaima se ha convertido en una de las despensas de Cundinamarca.<\/p><p>Aqu\u00ed en la vereda Santa Rosa, se da mango Tomy, manfo keitt (Farchild), otros frutales como naranja tangelo, mandarina, Tambien encuentras gallinas ponedoras, gallina feliz (o gallina de patio) y cerdos.<\/p><p>Los pollos son unos tractores<\/p><p>\u201cEllos hacen una labor muy importante para los mangos, van escarbando la tierra y acabando con los insectos pues se los comen, y al escarbar remueven la tierra \u00bfCu\u00e1ntos pollos tiene? Un promedio de 35 a 40 pollos, hay dos gatos machos y una hembra y dos perros tambi\u00e9n macho y hembra\u201d.<\/p><p>Los pollos son unos tractores para arar la tierra por que escarban la tierra a diario y remueven la capa superficial \u00a0de la tierra debajo de los palos de mango; permanece esa tierra movida y cuando llueve o pones le riego entra el agua f\u00e1cilmente.<br \/>El pollo feliz o pollo de patio (es pollo criollo) aqu\u00ed lo alimentamos con ma\u00edz que le compro a los cultivadores de la regi\u00f3n. Se hace costumbre y cada vez que tienen cosecha, traen una o dos cargas de ma\u00edz para mis pollos que utilizamos para el consumo de mi familia.<\/p><p>Si del cielo te caen limones\u2026aprende a hacer limonada<\/p><p>Aqu\u00ed se transforma el mango, por ejemplo los peque\u00f1os que son descartados por el comerciante, los pelamos, los licuamos y los embolsamos como pulpa de mango. Se guarda en la nevera para el consumo en la finca y para que los hijos y visitantes lleven a Bogot\u00e1, as\u00ed tenemos jugo de mango como fruta ex\u00f3tica todo el a\u00f1o.<\/p><p>Por otro lado con el lim\u00f3n Tahit\u00ed , cuando hay cosecha se vende en los supermercados del municipio de Tocaima. El lim\u00f3n que no va para el mercado por tener decoloraci\u00f3n se deja para consumo en la finca, lo exprimimos y pasamos por un colador para eliminar las semillas y obtener solo el zumo, se envasa en botellas de vidrio, se le agrega una pizca de sal y a la nevera. Te dura mucho tiempo desde que este refrigerado y as\u00ed tienes limonada por mucho tiempo.<\/p><p>Los nuevos consentidos: Los cerdos<\/p><p>Soy el fundador y representante legal de la Asociaci\u00f3n Agropecuaria y ambiental de Santa Rosa (ASAGRAT), conformada por 46 miembros, todos de familias de nuestra vereda Santa Rosa.<br \/>Hemos recibido capacitaci\u00f3n por parte del Sena en el manejo y cr\u00eda de cerdo.<\/p><p>Nuestros asociados en este momento, inseminan y ceban cerdo; y se est\u00e1 empezando a sustituir el gas propano por biog\u00e1s que se obtiene a trav\u00e9s de biodigestores que se obtienen de las heces de los cerdos. La asociaci\u00f3n ha sido beneficiaria del programa de gobierno de gallinas ponedoras; que en la actualidad producen 300 cubetas de huevos semanales.<\/p><p>Es as\u00ed que adem\u00e1s del fuerte de los asociados en producci\u00f3n de mango Tomy y Keitt (Farchil), teniendo en cuenta un estimado de 150 toneladas \u00a0anuales, se produce y ceba de cerdos, \u00a0huevos de gallina ponedora; para mitigar la falta de agua, se construyeron reservorios en asocio con\u00a0ASOHOFRUCOL; instalando riegos en una hect\u00e1rea por finca.<\/p><p>Para m\u00e1s informaci\u00f3n \u00a0sobre comercializaci\u00f3n comun\u00edcate:<br \/>Ra\u00fal Montes Riveros<br \/>310 6962882<br \/>raulmontes21@hotmail.com<br \/>Asagrat2018@gmail.com<\/p>\t\t\t\t\t\t<\/div>\n\t\t\t\t<\/div>\n\t\t\t\t\t<\/div>\n\t\t<\/div>\n\t\t\t\t\t\t\t<\/div>\n\t\t<\/section>\n\t\t\t\t<section class=\"elementor-section elementor-top-section elementor-element elementor-element-f684f6e elementor-section-boxed elementor-section-height-default elementor-section-height-default\" data-id=\"f684f6e\" data-element_type=\"section\">\n\t\t\t\t\t\t<div class=\"elementor-container elementor-column-gap-default\">\n\t\t\t\t\t<div class=\"elementor-column elementor-col-100 elementor-top-column elementor-element elementor-element-6667264 top column-style-top\" data-id=\"6667264\" data-element_type=\"column\">\n\t\t\t<div class=\"elementor-widget-wrap elementor-element-populated\">\n\t\t\t\t\t\t\t\t<div class=\"elementor-element elementor-element-261a82c elementor-widget elementor-widget-image-gallery\" data-id=\"261a82c\" data-element_type=\"widget\" data-widget_type=\"image-gallery.default\">\n\t\t\t\t<div class=\"elementor-widget-container\">\n\t\t\t<style>\/*! elementor - v3.8.0 - 30-10-2022 *\/\n.elementor-image-gallery .gallery-item{display:inline-block;text-align:center;vertical-align:top;width:100%;max-width:100%;margin:0 auto}.elementor-image-gallery .gallery-item img{margin:0 auto}.elementor-image-gallery .gallery-item .gallery-caption{margin:0}.elementor-image-gallery figure img{display:block}.elementor-image-gallery figure figcaption{width:100%}.gallery-spacing-custom .elementor-image-gallery .gallery-icon{padding:0}@media (min-width:768px){.elementor-image-gallery .gallery-columns-2 .gallery-item{max-width:50%}.elementor-image-gallery .gallery-columns-3 .gallery-item{max-width:33.33%}.elementor-image-gallery .gallery-columns-4 .gallery-item{max-width:25%}.elementor-image-gallery .gallery-columns-5 .gallery-item{max-width:20%}.elementor-image-gallery .gallery-columns-6 .gallery-item{max-width:16.666%}.elementor-image-gallery .gallery-columns-7 .gallery-item{max-width:14.28%}.elementor-image-gallery .gallery-columns-8 .gallery-item{max-width:12.5%}.elementor-image-gallery .gallery-columns-9 .gallery-item{max-width:11.11%}.elementor-image-gallery .gallery-columns-10 .gallery-item{max-width:10%}}@media (min-width:480px) and (max-width:767px){.elementor-image-gallery .gallery.gallery-columns-2 .gallery-item,.elementor-image-gallery .gallery.gallery-columns-3 .gallery-item,.elementor-image-gallery .gallery.gallery-columns-4 .gallery-item,.elementor-image-gallery .gallery.gallery-columns-5 .gallery-item,.elementor-image-gallery .gallery.gallery-columns-6 .gallery-item,.elementor-image-gallery .gallery.gallery-columns-7 .gallery-item,.elementor-image-gallery .gallery.gallery-columns-8 .gallery-item,.elementor-image-gallery .gallery.gallery-columns-9 .gallery-item,.elementor-image-gallery .gallery.gallery-columns-10 .gallery-item{max-width:50%}}@media (max-width:479px){.elementor-image-gallery .gallery.gallery-columns-2 .gallery-item,.elementor-image-gallery .gallery.gallery-columns-3 .gallery-item,.elementor-image-gallery .gallery.gallery-columns-4 .gallery-item,.elementor-image-gallery .gallery.gallery-columns-5 .gallery-item,.elementor-image-gallery .gallery.gallery-columns-6 .gallery-item,.elementor-image-gallery .gallery.gallery-columns-7 .gallery-item,.elementor-image-gallery .gallery.gallery-columns-8 .gallery-item,.elementor-image-gallery .gallery.gallery-columns-9 .gallery-item,.elementor-image-gallery .gallery.gallery-columns-10 .gallery-item{max-width:100%}}<\/style>\t\t<div class=\"elementor-image-gallery\">\n\t\t\t\n\t\t<style type=\"text\/css\">\n\t\t\t#gallery-1 {\n\t\t\t\tmargin: auto;\n\t\t\t}\n\t\t\t#gallery-1 .gallery-item {\n\t\t\t\tfloat: left;\n\t\t\t\tmargin-top: 10px;\n\t\t\t\ttext-align: center;\n\t\t\t\twidth: 33%;\n\t\t\t}\n\t\t\t#gallery-1 img {\n\t\t\t\tborder: 2px solid #cfcfcf;\n\t\t\t}\n\t\t\t#gallery-1 .gallery-caption {\n\t\t\t\tmargin-left: 0;\n\t\t\t}\n\t\t\t\/* see gallery_shortcode() in wp-includes\/media.php *\/\n\t\t<\/style>\n\t\t<div id='gallery-1' class='gallery galleryid-11205 gallery-columns-3 gallery-size-profile_300'><dl class='gallery-item'>\n\t\t\t<dt class='gallery-icon landscape'>\n\t\t\t\t<a data-elementor-open-lightbox=\"yes\" data-elementor-lightbox-slideshow=\"261a82c\" data-elementor-lightbox-title=\"WhatsApp Image 2020-12-18 at 1.13.23 PM\" e-action-hash=\"#elementor-action%3Aaction%3Dlightbox%26settings%3DeyJpZCI6Nzg4OCwidXJsIjoiaHR0cHM6XC9cL3JlZGNvbG9tYmlhdmVyZGUub3JnXC93ZWIxXC93cC1jb250ZW50XC91cGxvYWRzXC8yMDIwXC8xMlwvV2hhdHNBcHAtSW1hZ2UtMjAyMC0xMi0xOC1hdC0xLjEzLjIzLVBNLmpwZWciLCJzbGlkZXNob3ciOiIyNjFhODJjIn0%3D\" href='https:\/\/redcolombiaverde.org\/web1\/wp-content\/uploads\/2020\/12\/WhatsApp-Image-2020-12-18-at-1.13.23-PM.jpeg'><img loading=\"lazy\" decoding=\"async\" width=\"300\" height=\"300\" src=\"https:\/\/redcolombiaverde.org\/web1\/wp-content\/uploads\/2020\/12\/WhatsApp-Image-2020-12-18-at-1.13.23-PM-300x300.jpeg\" class=\"attachment-profile_300 size-profile_300\" alt=\"\" srcset=\"https:\/\/redcolombiaverde.org\/web1\/wp-content\/uploads\/2020\/12\/WhatsApp-Image-2020-12-18-at-1.13.23-PM-300x300.jpeg 300w, https:\/\/redcolombiaverde.org\/web1\/wp-content\/uploads\/2020\/12\/WhatsApp-Image-2020-12-18-at-1.13.23-PM-180x180.jpeg 180w, https:\/\/redcolombiaverde.org\/web1\/wp-content\/uploads\/2020\/12\/WhatsApp-Image-2020-12-18-at-1.13.23-PM-24x24.jpeg 24w, https:\/\/redcolombiaverde.org\/web1\/wp-content\/uploads\/2020\/12\/WhatsApp-Image-2020-12-18-at-1.13.23-PM-48x48.jpeg 48w, https:\/\/redcolombiaverde.org\/web1\/wp-content\/uploads\/2020\/12\/WhatsApp-Image-2020-12-18-at-1.13.23-PM-96x96.jpeg 96w, https:\/\/redcolombiaverde.org\/web1\/wp-content\/uploads\/2020\/12\/WhatsApp-Image-2020-12-18-at-1.13.23-PM-150x150.jpeg 150w\" sizes=\"(max-width: 300px) 100vw, 300px\" \/><\/a>\n\t\t\t<\/dt><\/dl><dl class='gallery-item'>\n\t\t\t<dt class='gallery-icon landscape'>\n\t\t\t\t<a data-elementor-open-lightbox=\"yes\" data-elementor-lightbox-slideshow=\"261a82c\" data-elementor-lightbox-title=\"WhatsApp Image 2020-12-18 at 1.13.23 PM (2)\" e-action-hash=\"#elementor-action%3Aaction%3Dlightbox%26settings%3DeyJpZCI6Nzg4OSwidXJsIjoiaHR0cHM6XC9cL3JlZGNvbG9tYmlhdmVyZGUub3JnXC93ZWIxXC93cC1jb250ZW50XC91cGxvYWRzXC8yMDIwXC8xMlwvV2hhdHNBcHAtSW1hZ2UtMjAyMC0xMi0xOC1hdC0xLjEzLjIzLVBNLTIuanBlZyIsInNsaWRlc2hvdyI6IjI2MWE4MmMifQ%3D%3D\" href='https:\/\/redcolombiaverde.org\/web1\/wp-content\/uploads\/2020\/12\/WhatsApp-Image-2020-12-18-at-1.13.23-PM-2.jpeg'><img loading=\"lazy\" decoding=\"async\" width=\"300\" height=\"300\" src=\"https:\/\/redcolombiaverde.org\/web1\/wp-content\/uploads\/2020\/12\/WhatsApp-Image-2020-12-18-at-1.13.23-PM-2-300x300.jpeg\" class=\"attachment-profile_300 size-profile_300\" alt=\"\" srcset=\"https:\/\/redcolombiaverde.org\/web1\/wp-content\/uploads\/2020\/12\/WhatsApp-Image-2020-12-18-at-1.13.23-PM-2-300x300.jpeg 300w, https:\/\/redcolombiaverde.org\/web1\/wp-content\/uploads\/2020\/12\/WhatsApp-Image-2020-12-18-at-1.13.23-PM-2-180x180.jpeg 180w, https:\/\/redcolombiaverde.org\/web1\/wp-content\/uploads\/2020\/12\/WhatsApp-Image-2020-12-18-at-1.13.23-PM-2-24x24.jpeg 24w, https:\/\/redcolombiaverde.org\/web1\/wp-content\/uploads\/2020\/12\/WhatsApp-Image-2020-12-18-at-1.13.23-PM-2-48x48.jpeg 48w, https:\/\/redcolombiaverde.org\/web1\/wp-content\/uploads\/2020\/12\/WhatsApp-Image-2020-12-18-at-1.13.23-PM-2-96x96.jpeg 96w, https:\/\/redcolombiaverde.org\/web1\/wp-content\/uploads\/2020\/12\/WhatsApp-Image-2020-12-18-at-1.13.23-PM-2-150x150.jpeg 150w\" sizes=\"(max-width: 300px) 100vw, 300px\" \/><\/a>\n\t\t\t<\/dt><\/dl><dl class='gallery-item'>\n\t\t\t<dt class='gallery-icon landscape'>\n\t\t\t\t<a data-elementor-open-lightbox=\"yes\" data-elementor-lightbox-slideshow=\"261a82c\" data-elementor-lightbox-title=\"WhatsApp Image 2020-12-18 at 1.13.23 PM (1)\" e-action-hash=\"#elementor-action%3Aaction%3Dlightbox%26settings%3DeyJpZCI6Nzg5MCwidXJsIjoiaHR0cHM6XC9cL3JlZGNvbG9tYmlhdmVyZGUub3JnXC93ZWIxXC93cC1jb250ZW50XC91cGxvYWRzXC8yMDIwXC8xMlwvV2hhdHNBcHAtSW1hZ2UtMjAyMC0xMi0xOC1hdC0xLjEzLjIzLVBNLTEuanBlZyIsInNsaWRlc2hvdyI6IjI2MWE4MmMifQ%3D%3D\" href='https:\/\/redcolombiaverde.org\/web1\/wp-content\/uploads\/2020\/12\/WhatsApp-Image-2020-12-18-at-1.13.23-PM-1.jpeg'><img loading=\"lazy\" decoding=\"async\" width=\"300\" height=\"300\" src=\"https:\/\/redcolombiaverde.org\/web1\/wp-content\/uploads\/2020\/12\/WhatsApp-Image-2020-12-18-at-1.13.23-PM-1-300x300.jpeg\" class=\"attachment-profile_300 size-profile_300\" alt=\"\" srcset=\"https:\/\/redcolombiaverde.org\/web1\/wp-content\/uploads\/2020\/12\/WhatsApp-Image-2020-12-18-at-1.13.23-PM-1-300x300.jpeg 300w, https:\/\/redcolombiaverde.org\/web1\/wp-content\/uploads\/2020\/12\/WhatsApp-Image-2020-12-18-at-1.13.23-PM-1-600x600.jpeg 600w, https:\/\/redcolombiaverde.org\/web1\/wp-content\/uploads\/2020\/12\/WhatsApp-Image-2020-12-18-at-1.13.23-PM-1-180x180.jpeg 180w, https:\/\/redcolombiaverde.org\/web1\/wp-content\/uploads\/2020\/12\/WhatsApp-Image-2020-12-18-at-1.13.23-PM-1-24x24.jpeg 24w, https:\/\/redcolombiaverde.org\/web1\/wp-content\/uploads\/2020\/12\/WhatsApp-Image-2020-12-18-at-1.13.23-PM-1-48x48.jpeg 48w, https:\/\/redcolombiaverde.org\/web1\/wp-content\/uploads\/2020\/12\/WhatsApp-Image-2020-12-18-at-1.13.23-PM-1-96x96.jpeg 96w, https:\/\/redcolombiaverde.org\/web1\/wp-content\/uploads\/2020\/12\/WhatsApp-Image-2020-12-18-at-1.13.23-PM-1-150x150.jpeg 150w\" sizes=\"(max-width: 300px) 100vw, 300px\" \/><\/a>\n\t\t\t<\/dt><\/dl><br style=\"clear: both\" \/>\n\t\t<\/div>\n\t\t<\/div>\n\t\t\t\t<\/div>\n\t\t\t\t<\/div>\n\t\t\t\t\t<\/div>\n\t\t<\/div>\n\t\t\t\t\t\t\t<\/div>\n\t\t<\/section>\n\t\t\t\t\t\t\t<\/div>\n\t\t","protected":false},"excerpt":{"rendered":"<p>Asociaci\u00f3n Agropecuaria y ambiental de Santa Rosa (ASAGRAT), ubicada en Tocaima. Si del cielo te caen limones\u2026aprende a hacer limonada. Don Ra\u00fal Montes, un agricultor que se estableci\u00f3 en\u00a0Cundinamarca\u00a0espec\u00edficamente en\u00a0Tocaima\u00a0Vereda [&hellip;]<\/p>\n","protected":false},"author":1,"featured_media":0,"parent":0,"menu_order":0,"comment_status":"closed","ping_status":"closed","template":"","meta":{"footnotes":""},"_links":{"self":[{"href":"https:\/\/redcolombiaverde.org\/web1\/wp-json\/wp\/v2\/pages\/11205"}],"collection":[{"href":"https:\/\/redcolombiaverde.org\/web1\/wp-json\/wp\/v2\/pages"}],"about":[{"href":"https:\/\/redcolombiaverde.org\/web1\/wp-json\/wp\/v2\/types\/page"}],"author":[{"embeddable":true,"href":"https:\/\/redcolombiaverde.org\/web1\/wp-json\/wp\/v2\/users\/1"}],"replies":[{"embeddable":true,"href":"https:\/\/redcolombiaverde.org\/web1\/wp-json\/wp\/v2\/comments?post=11205"}],"version-history":[{"count":4,"href":"https:\/\/redcolombiaverde.org\/web1\/wp-json\/wp\/v2\/pages\/11205\/revisions"}],"predecessor-version":[{"id":11209,"href":"https:\/\/redcolombiaverde.org\/web1\/wp-json\/wp\/v2\/pages\/11205\/revisions\/11209"}],"wp:attachment":[{"href":"https:\/\/redcolombiaverde.org\/web1\/wp-json\/wp\/v2\/media?parent=11205"}],"curies":[{"name":"wp","href":"https:\/\/api.w.org\/{rel}","templated":true}]}}